{"id":147,"date":"2026-01-11T08:39:44","date_gmt":"2026-01-11T14:39:44","guid":{"rendered":"https:\/\/lufexi.com.mx\/index.php\/producto\/luz-auxiliar-ambar-ultra-brillante-para-automoviles-motocicletas-y-bicicletas-con-montaje-magnetico\/"},"modified":"2026-01-11T08:44:31","modified_gmt":"2026-01-11T14:44:31","slug":"luz-auxiliar-ambar-ultra-brillante-para-automoviles-motocicletas-y-bicicletas-con-montaje-magnetico","status":"publish","type":"product","link":"https:\/\/lufexi.com.mx\/index.php\/producto\/luz-auxiliar-ambar-ultra-brillante-para-automoviles-motocicletas-y-bicicletas-con-montaje-magnetico\/","title":{"rendered":"Luz Auxiliar \u00c1mbar Ultra Brillante Para Autom\u00f3viles, Motocicletas y Bicicletas Con Montaje Magn\u00e9tico"},"content":{"rendered":"","protected":false},"excerpt":{"rendered":"","protected":false},"featured_media":171,"template":"","meta":[],"product_brand":[240],"product_cat":[22,246,247],"product_tag":[249,251,250,252,248],"class_list":{"0":"post-147","1":"product","2":"type-product","3":"status-publish","4":"has-post-thumbnail","6":"product_brand-epcom-industrial-signaling","7":"product_cat-iot-gps-telematica-y-senalizacion-audiovisual","8":"product_cat-luces-auxiliares-vehiculares","9":"product_cat-rojo","10":"product_tag-12-patrones-de-destello-y-sincronizacion-inal","11":"product_tag-bateria-de-37v-2200mah-con-20-horas-duracion","12":"product_tag-clasificacion-ip67-resistente-al-agua-y-polvo","13":"product_tag-diseno-compacto-con-base-magnetica-anticaida","14":"product_tag-led-de-alta-potencia-con-900-lumenes","16":"first","17":"instock","18":"shipping-taxable","19":"purchasable","20":"product-type-simple"},"_links":{"self":[{"href":"https:\/\/lufexi.com.mx\/index.php\/wp-json\/wp\/v2\/product\/147","targetHints":{"allow":["GET"]}}],"collection":[{"href":"https:\/\/lufexi.com.mx\/index.php\/wp-json\/wp\/v2\/product"}],"about":[{"href":"https:\/\/lufexi.com.mx\/index.php\/wp-json\/wp\/v2\/types\/product"}],"wp:featuredmedia":[{"embeddable":true,"href":"https:\/\/lufexi.com.mx\/index.php\/wp-json\/wp\/v2\/media\/171"}],"wp:attachment":[{"href":"https:\/\/lufexi.com.mx\/index.php\/wp-json\/wp\/v2\/media?parent=147"}],"wp:term":[{"taxonomy":"product_brand","embeddable":true,"href":"https:\/\/lufexi.com.mx\/index.php\/wp-json\/wp\/v2\/product_brand?post=147"},{"taxonomy":"product_cat","embeddable":true,"href":"https:\/\/lufexi.com.mx\/index.php\/wp-json\/wp\/v2\/product_cat?post=147"},{"taxonomy":"product_tag","embeddable":true,"href":"https:\/\/lufexi.com.mx\/index.php\/wp-json\/wp\/v2\/product_tag?post=147"}],"curies":[{"name":"wp","href":"https:\/\/api.w.org\/{rel}","templated":true}]}}