{"id":116,"date":"2026-01-11T08:35:20","date_gmt":"2026-01-11T14:35:20","guid":{"rendered":"https:\/\/lufexi.com.mx\/index.php\/producto\/sistema-profesional-de-camara-de-reversa-y-monitor-alambrico-para-vehiculos-de-trabajo-y-montacargas\/"},"modified":"2026-01-11T15:11:50","modified_gmt":"2026-01-11T21:11:50","slug":"sistema-profesional-de-camara-de-reversa-y-monitor-alambrico-para-vehiculos-de-trabajo-y-montacargas","status":"publish","type":"product","link":"https:\/\/lufexi.com.mx\/index.php\/producto\/sistema-profesional-de-camara-de-reversa-y-monitor-alambrico-para-vehiculos-de-trabajo-y-montacargas\/","title":{"rendered":"Sistema Profesional de C\u00e1mara de Reversa y Monitor Al\u00e1mbrico para Veh\u00edculos de Trabajo y Montacargas"},"content":{"rendered":"","protected":false},"excerpt":{"rendered":"","protected":false},"featured_media":332,"template":"","meta":[],"product_brand":[63],"product_cat":[32,62,19],"product_tag":[66,65,68,64,67],"class_list":{"0":"post-116","1":"product","2":"type-product","3":"status-publish","4":"has-post-thumbnail","6":"product_brand-epcom","7":"product_cat-accesorios","8":"product_cat-videograbadoras-moviles-dash-cams-y-body-cams","9":"product_cat-videovigilancia","10":"product_tag-angulo-de-vision-de-120-grados","11":"product_tag-camara-infrarroja-cmos-con-18-leds-para-baja","12":"product_tag-certificacion-ip69k-en-camara-para-condicione","13":"product_tag-monitor-lcd-de-7-a-color-y-alta-res","14":"product_tag-voltaje-operativo-flexible-de-12-24-vcc","16":"first","17":"instock","18":"shipping-taxable","19":"purchasable","20":"product-type-simple"},"_links":{"self":[{"href":"https:\/\/lufexi.com.mx\/index.php\/wp-json\/wp\/v2\/product\/116","targetHints":{"allow":["GET"]}}],"collection":[{"href":"https:\/\/lufexi.com.mx\/index.php\/wp-json\/wp\/v2\/product"}],"about":[{"href":"https:\/\/lufexi.com.mx\/index.php\/wp-json\/wp\/v2\/types\/product"}],"wp:featuredmedia":[{"embeddable":true,"href":"https:\/\/lufexi.com.mx\/index.php\/wp-json\/wp\/v2\/media\/332"}],"wp:attachment":[{"href":"https:\/\/lufexi.com.mx\/index.php\/wp-json\/wp\/v2\/media?parent=116"}],"wp:term":[{"taxonomy":"product_brand","embeddable":true,"href":"https:\/\/lufexi.com.mx\/index.php\/wp-json\/wp\/v2\/product_brand?post=116"},{"taxonomy":"product_cat","embeddable":true,"href":"https:\/\/lufexi.com.mx\/index.php\/wp-json\/wp\/v2\/product_cat?post=116"},{"taxonomy":"product_tag","embeddable":true,"href":"https:\/\/lufexi.com.mx\/index.php\/wp-json\/wp\/v2\/product_tag?post=116"}],"curies":[{"name":"wp","href":"https:\/\/api.w.org\/{rel}","templated":true}]}}